{"id":8,"date":"2018-02-22T15:40:13","date_gmt":"2018-02-22T15:40:13","guid":{"rendered":"http:\/\/xn--mnnerchor-concordia-gwb.de\/?page_id=8"},"modified":"2025-01-22T14:50:25","modified_gmt":"2025-01-22T13:50:25","slug":"startseite","status":"publish","type":"page","link":"https:\/\/xn--mnnerchor-concordia-gwb.de\/","title":{"rendered":"Startseite"},"content":{"rendered":"\n<p><\/p>\n\n\n\n<p>Herzlich Willkommen beim M\u00e4nnerchor CONCORDIA Geltow e.V.,<br>einem der \u00e4ltesten Vereine in der Gemeinde Schwielowsee, OT Geltow.<\/p>\n\n\n\n<p>Gegenw\u00e4rtig singen 20 aktive Mitglieder unter der Leitung von Tobias Scheetz vornehmlich deutsche Volksweisen u.a. von Beethoven \u00fcber H\u00e4ndel, Schubert und Strau\u00df bis Reinhard M\u00fcller.<\/p>\n\n\n\n<p>Bei unseren Auftritten in der Kirche Alt-Geltow, auf Veranstaltungen der Gemeinde Schwielowsee, in Seniorenheimen der Umgebung und gemeinsam mit befreundeten Ch\u00f6ren stellen wir gern unser breites Repertoire auch mit modernen und fr\u00f6hlichen Liedern vor.<\/p>\n\n\n\n<p>Wir laden Sie herzlich ein zu einem kurzen Diskurs&nbsp;<span style=\"font-size: 1rem;\">\u00fcber unseren Chor, seine Geschichte sowie aktuelle Termine.<\/span><\/p>\n\n\n\n<p>Sangesfreudige M\u00e4nner &#8211; nicht nur aus Geltow! &#8211; sind herzlich eingeladen, sich unangemeldet w\u00e4hrend der Probezeiten donnerstags ab 19:30 Uhr ein Bild von unserem Chor, dem Chorleiter und seinen S\u00e4ngern zu machen und bei Gefallen mitzusingen.<br><em><strong>Nur Mut!<\/strong><\/em><\/p>\n\n\n\n<p><a href=\"https:\/\/xn--mnnerchor-concordia-gwb.de\/zwoelf-ich-kann-nicht-singen-mythen\">Zw\u00f6lf &#8222;Ich kann nicht singen&#8220;-Mythen<\/a><\/p>\n\n\n\n<p><a href=\"https:\/\/xn--mnnerchor-concordia-gwb.de\/singen-zur-stressbewaeltigung\">Mit Chorgesang Stress bew\u00e4ltigen<\/a><\/p>\n","protected":false},"excerpt":{"rendered":"<p>Herzlich Willkommen beim M\u00e4nnerchor CONCORDIA Geltow e.V.,einem der \u00e4ltesten Vereine in der Gemeinde Schwielowsee, OT Geltow. Gegenw\u00e4rtig singen 20 aktive Mitglieder unter der Leitung von Tobias Scheetz vornehmlich deutsche Volksweisen u.a. von Beethoven \u00fcber H\u00e4ndel, Schubert und Strau\u00df bis Reinhard M\u00fcller. Bei unseren Auftritten in der Kirche Alt-Geltow, auf Veranstaltungen der Gemeinde Schwielowsee, in Seniorenheimen &hellip; <\/p>\n<p class=\"link-more\"><a href=\"https:\/\/xn--mnnerchor-concordia-gwb.de\/\" class=\"more-link\"><span class=\"screen-reader-text\">\u201eStartseite\u201c <\/span>weiterlesen<\/a><\/p>\n","protected":false},"author":1,"featured_media":0,"parent":0,"menu_order":0,"comment_status":"closed","ping_status":"closed","template":"","meta":{"footnotes":""},"class_list":["post-8","page","type-page","status-publish","hentry"],"aioseo_notices":[],"_links":{"self":[{"href":"https:\/\/xn--mnnerchor-concordia-gwb.de\/index.php?rest_route=\/wp\/v2\/pages\/8","targetHints":{"allow":["GET"]}}],"collection":[{"href":"https:\/\/xn--mnnerchor-concordia-gwb.de\/index.php?rest_route=\/wp\/v2\/pages"}],"about":[{"href":"https:\/\/xn--mnnerchor-concordia-gwb.de\/index.php?rest_route=\/wp\/v2\/types\/page"}],"author":[{"embeddable":true,"href":"https:\/\/xn--mnnerchor-concordia-gwb.de\/index.php?rest_route=\/wp\/v2\/users\/1"}],"replies":[{"embeddable":true,"href":"https:\/\/xn--mnnerchor-concordia-gwb.de\/index.php?rest_route=%2Fwp%2Fv2%2Fcomments&post=8"}],"version-history":[{"count":20,"href":"https:\/\/xn--mnnerchor-concordia-gwb.de\/index.php?rest_route=\/wp\/v2\/pages\/8\/revisions"}],"predecessor-version":[{"id":1531,"href":"https:\/\/xn--mnnerchor-concordia-gwb.de\/index.php?rest_route=\/wp\/v2\/pages\/8\/revisions\/1531"}],"wp:attachment":[{"href":"https:\/\/xn--mnnerchor-concordia-gwb.de\/index.php?rest_route=%2Fwp%2Fv2%2Fmedia&parent=8"}],"curies":[{"name":"wp","href":"https:\/\/api.w.org\/{rel}","templated":true}]}}